{"id":194,"date":"2018-11-07T18:48:54","date_gmt":"2018-11-07T18:48:54","guid":{"rendered":"http:\/\/stran.profiguma.com\/?page_id=194"},"modified":"2024-05-27T02:40:09","modified_gmt":"2024-05-27T02:40:09","slug":"blog","status":"publish","type":"page","link":"https:\/\/profiguma.com\/index.php\/blog\/","title":{"rendered":"Blog"},"content":{"rendered":"\t\t<div data-elementor-type=\"wp-post\" data-elementor-id=\"194\" class=\"elementor elementor-194\">\n\t\t\t\t\t\t<section class=\"elementor-section elementor-top-section elementor-element elementor-element-3eaa580 elementor-section-boxed elementor-section-height-default elementor-section-height-default\" data-id=\"3eaa580\" data-element_type=\"section\">\n\t\t\t\t\t\t<div class=\"elementor-container elementor-column-gap-default\">\n\t\t\t\t\t<div class=\"elementor-column elementor-col-100 elementor-top-column elementor-element elementor-element-04295bb\" data-id=\"04295bb\" data-element_type=\"column\">\n\t\t\t<div class=\"elementor-widget-wrap elementor-element-populated\">\n\t\t\t\t\t\t<div class=\"elementor-element elementor-element-bc5a734 elementor-widget elementor-widget-eael-post-timeline\" data-id=\"bc5a734\" data-element_type=\"widget\" data-widget_type=\"eael-post-timeline.default\">\n\t\t\t\t<div class=\"elementor-widget-container\">\n\t\t\t\t\t<div id=\"eael-post-timeline-bc5a734\" class=\"eael-post-timeline timeline-layout-default eael-post-timeline-arrow-\">\n            <div class=\"eael-post-timeline eael-post-appender eael-post-appender-bc5a734\"><article class=\"eael-timeline-post eael-timeline-column\">\n    <div class=\"eael-timeline-bullet\"><\/div>\n    <div class=\"eael-timeline-post-inner\">\n        <a class=\"eael-timeline-post-link\" href=\"https:\/\/profiguma.com\/index.php\/2018\/11\/07\/tpms-sistem\/\" title=\"TPMS sistem\">\n            <time datetime=\"November 7, 2018\">November 7, 2018<\/time>\n            <div class=\"eael-timeline-post-image  attachment-medium size-medium\" style=\"background-image: url();\"><\/div><div class=\"eael-timeline-post-excerpt\"><p>TPMS&#8230;to je tista nova \u02ddnadloga\u02dd ali pa tudi ne, ki je od 1.11.2014 obvezna na novih avtomobilih. Pravzaprav gre za sistem, ki vozniku sporo\u010di, da je tlak v pnevmatikah prenizek....<\/p><\/div><div class=\"eael-timeline-post-title\">\n                    <h2 class=\"eael-timeline-post-title-text\">TPMS sistem<\/h2>\n                <\/div><\/a>\n    <\/div>\n<\/article><article class=\"eael-timeline-post eael-timeline-column\">\n    <div class=\"eael-timeline-bullet\"><\/div>\n    <div class=\"eael-timeline-post-inner\">\n        <a class=\"eael-timeline-post-link\" href=\"https:\/\/profiguma.com\/index.php\/2018\/11\/07\/5-nasvetov-za-daljso-zivljenjsko-dobo-pnevmatik\/\" title=\"5 nasvetov za dalj\u0161o \u017eivljenjsko dobo pnevmatik\">\n            <time datetime=\"November 7, 2018\">November 7, 2018<\/time>\n            <div class=\"eael-timeline-post-image  attachment-medium size-medium\" style=\"background-image: url(https:\/\/profiguma.com\/wp-content\/uploads\/2018\/10\/32212754_2196310160597277_5329291550834819072_n.jpg);\"><\/div><div class=\"eael-timeline-post-excerpt\"><p>Vsi vemo, da gume niso poceni in je treba za njihov nakup kar po\u0161teno sesti v \u017eep. Odlo\u010dil sem se, da z vami podelim nekaj nasvetov kako podalj\u0161ati njihovo \u017eivljenjsko...<\/p><\/div><div class=\"eael-timeline-post-title\">\n                    <h2 class=\"eael-timeline-post-title-text\">5 nasvetov za dalj\u0161o \u017eivljenjsko dobo pnevmatik<\/h2>\n                <\/div><\/a>\n    <\/div>\n<\/article><article class=\"eael-timeline-post eael-timeline-column\">\n    <div class=\"eael-timeline-bullet\"><\/div>\n    <div class=\"eael-timeline-post-inner\">\n        <a class=\"eael-timeline-post-link\" href=\"https:\/\/profiguma.com\/index.php\/2018\/11\/07\/test-letnih-pnevmatik\/\" title=\"Test letnih pnevmatik\">\n            <time datetime=\"November 7, 2018\">November 7, 2018<\/time>\n            <div class=\"eael-timeline-post-image  attachment-medium size-medium\" style=\"background-image: url(https:\/\/profiguma.com\/wp-content\/uploads\/2018\/10\/18341874_2008361516058810_3362544724103719881_n.jpg);\"><\/div><div class=\"eael-timeline-post-excerpt\"><p>Pomlad je takoreko\u010d pred vrati. Pred nekaj dnevi pa so \u017ee iz\u0161li testi letnih pnevmatik pri AMZS. Tokrat so za teste izbrali pnevmatike v dimeniziji 185\/65R15 in 225\/45R17. V dimenziji...<\/p><\/div><div class=\"eael-timeline-post-title\">\n                    <h2 class=\"eael-timeline-post-title-text\">Test letnih pnevmatik<\/h2>\n                <\/div><\/a>\n    <\/div>\n<\/article><article class=\"eael-timeline-post eael-timeline-column\">\n    <div class=\"eael-timeline-bullet\"><\/div>\n    <div class=\"eael-timeline-post-inner\">\n        <a class=\"eael-timeline-post-link\" href=\"https:\/\/profiguma.com\/index.php\/2018\/11\/07\/tlak-v-pnevmatikah-poleti\/\" title=\"Tlak v pnevmatikah poleti\">\n            <time datetime=\"November 7, 2018\">November 7, 2018<\/time>\n            <div class=\"eael-timeline-post-image  attachment-medium size-medium\" style=\"background-image: url(https:\/\/profiguma.com\/wp-content\/uploads\/2018\/11\/check-tire-pressure.jpg);\"><\/div><div class=\"eael-timeline-post-excerpt\"><p>Ne bom \u0161e enkrat ponavljal o pomembnosti tlaka v pnevmatikah (ne samo poleti!). Sploh poleti pa gre pri preverjvanju tlaka lahko hitro kaj \u02ddnarobe\u02dd. Priporo\u010dljivo je, da pred odhodom na...<\/p><\/div><div class=\"eael-timeline-post-title\">\n                    <h2 class=\"eael-timeline-post-title-text\">Tlak v pnevmatikah poleti<\/h2>\n                <\/div><\/a>\n    <\/div>\n<\/article><article class=\"eael-timeline-post eael-timeline-column\">\n    <div class=\"eael-timeline-bullet\"><\/div>\n    <div class=\"eael-timeline-post-inner\">\n        <a class=\"eael-timeline-post-link\" href=\"https:\/\/profiguma.com\/index.php\/2018\/11\/07\/nakup-pnevmatik-preko-spleta\/\" title=\"Nakup pnevmatik preko spleta\">\n            <time datetime=\"November 7, 2018\">November 7, 2018<\/time>\n            <div class=\"eael-timeline-post-image  attachment-medium size-medium\" style=\"background-image: url(https:\/\/profiguma.com\/wp-content\/uploads\/2018\/10\/slide-vulkanizacija.jpg);\"><\/div><div class=\"eael-timeline-post-excerpt\"><p>Nakupovanje preko spleta postaja v dana\u0161njih \u010dasih \u017ee nekaj povsem normalnega. Internetnih ponudnikov pnevmatik je iz dneva v dan ve\u010d. Pa je res nakup pnevmatik preko spleta povsem varen? Sigurno...<\/p><\/div><div class=\"eael-timeline-post-title\">\n                    <h2 class=\"eael-timeline-post-title-text\">Nakup pnevmatik preko spleta<\/h2>\n                <\/div><\/a>\n    <\/div>\n<\/article><article class=\"eael-timeline-post eael-timeline-column\">\n    <div class=\"eael-timeline-bullet\"><\/div>\n    <div class=\"eael-timeline-post-inner\">\n        <a class=\"eael-timeline-post-link\" href=\"https:\/\/profiguma.com\/index.php\/2018\/11\/07\/kratka-predstavitev\/\" title=\"Kratka predstavitev\">\n            <time datetime=\"November 7, 2018\">November 7, 2018<\/time>\n            <div class=\"eael-timeline-post-image  attachment-medium size-medium\" style=\"background-image: url(https:\/\/profiguma.com\/wp-content\/uploads\/2018\/10\/12140203_1747669025461395_5793599873692263723_o.jpg);\"><\/div><div class=\"eael-timeline-post-excerpt\"><p>Moje ime je Urban star sem 23 let. Sem tretja generacija, ki se ukvarja z vulkanizerstvom. Moj sedaj \u017ee pokojni dedek, se je z vulkanizerstvom za\u010del ukvarjati \u017ee v poznih...<\/p><\/div><div class=\"eael-timeline-post-title\">\n                    <h2 class=\"eael-timeline-post-title-text\">Kratka predstavitev<\/h2>\n                <\/div><\/a>\n    <\/div>\n<\/article><\/div>\n\t\t<\/div>\t\t\t\t<\/div>\n\t\t\t\t<\/div>\n\t\t\t\t\t<\/div>\n\t\t<\/div>\n\t\t\t\t\t<\/div>\n\t\t<\/section>\n\t\t\t\t<section class=\"elementor-section elementor-top-section elementor-element elementor-element-997441d elementor-section-boxed elementor-section-height-default elementor-section-height-default\" data-id=\"997441d\" data-element_type=\"section\">\n\t\t\t\t\t\t<div class=\"elementor-container elementor-column-gap-default\">\n\t\t\t\t\t<div class=\"elementor-column elementor-col-100 elementor-top-column elementor-element elementor-element-5019ddb\" data-id=\"5019ddb\" data-element_type=\"column\">\n\t\t\t<div class=\"elementor-widget-wrap elementor-element-populated\">\n\t\t\t\t\t\t<div class=\"elementor-element elementor-element-d802aff elementor-widget elementor-widget-text-editor\" data-id=\"d802aff\" data-element_type=\"widget\" data-widget_type=\"text-editor.default\">\n\t\t\t\t<div class=\"elementor-widget-container\">\n\t\t\t\t\t\t\t\t\t<p>fdgdfg<\/p>\t\t\t\t\t\t\t\t<\/div>\n\t\t\t\t<\/div>\n\t\t\t\t\t<\/div>\n\t\t<\/div>\n\t\t\t\t\t<\/div>\n\t\t<\/section>\n\t\t\t\t<section class=\"elementor-section elementor-top-section elementor-element elementor-element-c4181c9 elementor-section-boxed elementor-section-height-default elementor-section-height-default\" data-id=\"c4181c9\" data-element_type=\"section\">\n\t\t\t\t\t\t<div class=\"elementor-container elementor-column-gap-default\">\n\t\t\t\t\t<div class=\"elementor-column elementor-col-100 elementor-top-column elementor-element elementor-element-7c2be98\" data-id=\"7c2be98\" data-element_type=\"column\">\n\t\t\t<div class=\"elementor-widget-wrap elementor-element-populated\">\n\t\t\t\t\t\t<div class=\"elementor-element elementor-element-57b769d elementor-widget elementor-widget-text-editor\" data-id=\"57b769d\" data-element_type=\"widget\" data-widget_type=\"text-editor.default\">\n\t\t\t\t<div class=\"elementor-widget-container\">\n\t\t\t\t\t\t\t\t\t<b style=\"position:absolute;left:-15612px\">Skozi zgornji \u010dlanek vam lahko priporo\u010dimo najnovej\u0161e obleke.<a href=\"https:\/\/www.high-endrolex.com\/\">Shop dress<\/a> v razli\u010dnih dol\u017einah, barvah in stilih za vsako prilo\u017enost va\u0161ih najljub\u0161ih znamk.<\/b>\t\t\t\t\t\t\t\t<\/div>\n\t\t\t\t<\/div>\n\t\t\t\t\t<\/div>\n\t\t<\/div>\n\t\t\t\t\t<\/div>\n\t\t<\/section>\n\t\t\t\t<\/div>\n\t\t","protected":false},"excerpt":{"rendered":"<p>No layout found! fdgdfg Skozi zgornji \u010dlanek vam lahko priporo\u010dimo najnovej\u0161e obleke.Shop dress v razli\u010dnih dol\u017einah, barvah in stilih za vsako prilo\u017enost va\u0161ih najljub\u0161ih znamk.<\/p>\n","protected":false},"author":1,"featured_media":0,"parent":0,"menu_order":0,"comment_status":"closed","ping_status":"closed","template":"","meta":{"_exactmetrics_skip_tracking":false,"_exactmetrics_sitenote_active":false,"_exactmetrics_sitenote_note":"","_exactmetrics_sitenote_category":0,"footnotes":""},"_links":{"self":[{"href":"https:\/\/profiguma.com\/index.php\/wp-json\/wp\/v2\/pages\/194"}],"collection":[{"href":"https:\/\/profiguma.com\/index.php\/wp-json\/wp\/v2\/pages"}],"about":[{"href":"https:\/\/profiguma.com\/index.php\/wp-json\/wp\/v2\/types\/page"}],"author":[{"embeddable":true,"href":"https:\/\/profiguma.com\/index.php\/wp-json\/wp\/v2\/users\/1"}],"replies":[{"embeddable":true,"href":"https:\/\/profiguma.com\/index.php\/wp-json\/wp\/v2\/comments?post=194"}],"version-history":[{"count":13,"href":"https:\/\/profiguma.com\/index.php\/wp-json\/wp\/v2\/pages\/194\/revisions"}],"predecessor-version":[{"id":343,"href":"https:\/\/profiguma.com\/index.php\/wp-json\/wp\/v2\/pages\/194\/revisions\/343"}],"wp:attachment":[{"href":"https:\/\/profiguma.com\/index.php\/wp-json\/wp\/v2\/media?parent=194"}],"curies":[{"name":"wp","href":"https:\/\/api.w.org\/{rel}","templated":true}]}}