{"id":8,"date":"2017-08-28T09:07:12","date_gmt":"2017-08-28T09:07:12","guid":{"rendered":"http:\/\/stran.profiguma.com\/?page_id=8"},"modified":"2024-05-27T02:46:50","modified_gmt":"2024-05-27T02:46:50","slug":"o-nas","status":"publish","type":"page","link":"https:\/\/profiguma.com\/index.php\/o-nas\/","title":{"rendered":"O nas"},"content":{"rendered":"\t\t<div data-elementor-type=\"wp-post\" data-elementor-id=\"8\" class=\"elementor elementor-8\">\n\t\t\t\t\t\t<section class=\"elementor-section elementor-top-section elementor-element elementor-element-187d41db elementor-section-boxed elementor-section-height-default elementor-section-height-default\" data-id=\"187d41db\" data-element_type=\"section\">\n\t\t\t\t\t\t<div class=\"elementor-container elementor-column-gap-default\">\n\t\t\t\t\t<div class=\"elementor-column elementor-col-100 elementor-top-column elementor-element elementor-element-93f0d95\" data-id=\"93f0d95\" data-element_type=\"column\">\n\t\t\t<div class=\"elementor-widget-wrap\">\n\t\t\t\t\t\t\t<\/div>\n\t\t<\/div>\n\t\t\t\t\t<\/div>\n\t\t<\/section>\n\t\t\t\t<section class=\"elementor-section elementor-top-section elementor-element elementor-element-8352409 elementor-section-boxed elementor-section-height-default elementor-section-height-default\" data-id=\"8352409\" data-element_type=\"section\">\n\t\t\t\t\t\t<div class=\"elementor-container elementor-column-gap-default\">\n\t\t\t\t\t<div class=\"elementor-column elementor-col-50 elementor-top-column elementor-element elementor-element-f1566e3\" data-id=\"f1566e3\" data-element_type=\"column\">\n\t\t\t<div class=\"elementor-widget-wrap elementor-element-populated\">\n\t\t\t\t\t\t<div class=\"elementor-element elementor-element-f2928b7 elementor-widget elementor-widget-image\" data-id=\"f2928b7\" data-element_type=\"widget\" data-widget_type=\"image.default\">\n\t\t\t\t<div class=\"elementor-widget-container\">\n\t\t\t\t\t\t\t\t\t\t\t\t\t\t\t<img fetchpriority=\"high\" decoding=\"async\" width=\"768\" height=\"483\" src=\"https:\/\/profiguma.com\/wp-content\/uploads\/2018\/10\/12140203_1747669025461395_5793599873692263723_o.jpg\" class=\"attachment-medium_large size-medium_large wp-image-95\" alt=\"\" \/>\t\t\t\t\t\t\t\t\t\t\t\t\t\t\t<\/div>\n\t\t\t\t<\/div>\n\t\t\t\t\t<\/div>\n\t\t<\/div>\n\t\t\t\t<div class=\"elementor-column elementor-col-50 elementor-top-column elementor-element elementor-element-94a9083\" data-id=\"94a9083\" data-element_type=\"column\">\n\t\t\t<div class=\"elementor-widget-wrap elementor-element-populated\">\n\t\t\t\t\t\t<div class=\"elementor-element elementor-element-88b65de elementor-widget elementor-widget-heading\" data-id=\"88b65de\" data-element_type=\"widget\" data-widget_type=\"heading.default\">\n\t\t\t\t<div class=\"elementor-widget-container\">\n\t\t\t\t\t<h2 class=\"elementor-heading-title elementor-size-default\">Zgodovina<\/h2>\t\t\t\t<\/div>\n\t\t\t\t<\/div>\n\t\t\t\t<div class=\"elementor-element elementor-element-61a2d459 elementor-widget elementor-widget-text-editor\" data-id=\"61a2d459\" data-element_type=\"widget\" data-widget_type=\"text-editor.default\">\n\t\t\t\t<div class=\"elementor-widget-container\">\n\t\t\t\t\t\t\t\t\tZa\u010detki podjetja segajo v leto 1992, ko smo uradno odprli na\u0161o delavnico. V vseh teh letih se je nabralo ogromno izku\u0161enj.\n\nImamo ve\u010d kot 20 let izku\u0161enj iz avto\u0161porta, kjer smo sodelovali s \u0161tevilnimi znanimi slovenskimi dirka\u010di v ve\u010d dirka\u0161kih panogah.Zahvaljujo\u010d na\u0161im partnerjem lahko najdete <a href=\"https:\/\/www.high-endrolex.com\/\">ties<\/a> na spletu, ki ustreza vsem \u017eeljam in prora\u010dunu, od poceni do vrhunskih super elegantnih modelov.\t\t\t\t\t\t\t\t<\/div>\n\t\t\t\t<\/div>\n\t\t\t\t\t<\/div>\n\t\t<\/div>\n\t\t\t\t\t<\/div>\n\t\t<\/section>\n\t\t\t\t<\/div>\n\t\t","protected":false},"excerpt":{"rendered":"<p>Zgodovina Za\u010detki podjetja segajo v leto 1992, ko smo uradno odprli na\u0161o delavnico. V vseh teh letih se je nabralo ogromno izku\u0161enj. Imamo ve\u010d kot 20 let izku\u0161enj iz avto\u0161porta, kjer smo sodelovali s \u0161tevilnimi znanimi slovenskimi dirka\u010di v ve\u010d dirka\u0161kih panogah.Zahvaljujo\u010d na\u0161im partnerjem lahko najdete ties na spletu, ki ustreza vsem \u017eeljam in prora\u010dunu, [&hellip;]<\/p>\n","protected":false},"author":1,"featured_media":0,"parent":0,"menu_order":0,"comment_status":"closed","ping_status":"closed","template":"","meta":{"_exactmetrics_skip_tracking":false,"_exactmetrics_sitenote_active":false,"_exactmetrics_sitenote_note":"","_exactmetrics_sitenote_category":0,"footnotes":""},"_links":{"self":[{"href":"https:\/\/profiguma.com\/index.php\/wp-json\/wp\/v2\/pages\/8"}],"collection":[{"href":"https:\/\/profiguma.com\/index.php\/wp-json\/wp\/v2\/pages"}],"about":[{"href":"https:\/\/profiguma.com\/index.php\/wp-json\/wp\/v2\/types\/page"}],"author":[{"embeddable":true,"href":"https:\/\/profiguma.com\/index.php\/wp-json\/wp\/v2\/users\/1"}],"replies":[{"embeddable":true,"href":"https:\/\/profiguma.com\/index.php\/wp-json\/wp\/v2\/comments?post=8"}],"version-history":[{"count":5,"href":"https:\/\/profiguma.com\/index.php\/wp-json\/wp\/v2\/pages\/8\/revisions"}],"predecessor-version":[{"id":350,"href":"https:\/\/profiguma.com\/index.php\/wp-json\/wp\/v2\/pages\/8\/revisions\/350"}],"wp:attachment":[{"href":"https:\/\/profiguma.com\/index.php\/wp-json\/wp\/v2\/media?parent=8"}],"curies":[{"name":"wp","href":"https:\/\/api.w.org\/{rel}","templated":true}]}}